{"id":81,"date":"2019-12-21T17:09:58","date_gmt":"2019-12-21T17:09:58","guid":{"rendered":"http:\/\/foesselauf.de\/?page_id=81"},"modified":"2026-03-15T17:27:33","modified_gmt":"2026-03-15T17:27:33","slug":"strecke","status":"publish","type":"page","link":"http:\/\/foesselauf.de\/?page_id=81","title":{"rendered":"Strecke &#8211; Lauf 2026"},"content":{"rendered":"\n<p>Beschreibungen auch unter diesem <a href=\"https:\/\/my.raceresult.com\/386995\/\" data-type=\"link\" data-id=\"https:\/\/my.raceresult.com\/386995\/\">LINK<\/a>:<\/p>\n\n\n\n<p><a href=\"http:\/\/foesselauf.de\/wp-content\/uploads\/2025\/09\/10-km-kl-2025.jpg\"><strong>10 km Hauptlauf<\/strong>:<\/a><\/p>\n\n\n\n<p>Der <a href=\"http:\/\/foesselauf.de\/wp-content\/uploads\/2025\/09\/10-km-kl-2025.jpg\">Hauptlauf <\/a>f\u00fchrt an der F\u00f6sse entlang Richtung Westen &#8211; Landschaftslauf auf geschotterten, festen Wegen. Kurz vor dem SV Velber durchkreuzt die Strecke die westlichen Au\u00dfenbezirke von Davenstedt. Die Ortschaft Velber wird nur im s\u00fcdwestlichen Teil durchlaufen, bevor es dann ins Gebiet `F\u00f6ssefeld\u00b4 &#8211; Teil des Landschaftsschutzgebiet 42 &#8211; dem Quellbereich des Salzbachs F\u00f6sse geht. ACHTUNG, &#8211; nur f\u00fcr den 10 km Lauf &#8211; es muss eine kleine Runde zweimal gelaufen werden. Dieses werden wir beim Start erl\u00e4utern. An der entsprechenden Stelle sind genaue Hinweise und eingewiesene Helfer. Der R\u00fcckweg zum TVB Gel\u00e4nde f\u00fchrt wieder direkt an der F\u00f6sse entlang.<\/p>\n\n\n\n<p><a href=\"http:\/\/foesselauf.de\/wp-content\/uploads\/2025\/09\/10-km-kl-2025.jpg\">Streckenplan 10 km Lauf 2026<\/a><\/p>\n\n\n\n<p><a href=\"http:\/\/foesselauf.de\/wp-content\/uploads\/2025\/09\/10-km-kl-2025.jpg\">.<\/a><\/p>\n\n\n\n<p><a href=\"http:\/\/foesselauf.de\/wp-content\/uploads\/2025\/09\/5-km-kl-2025.jpg\">5 km Lauf:<\/a><\/p>\n\n\n\n<p><\/p>\n\n\n\n<p>Der <a href=\"http:\/\/foesselauf.de\/wp-content\/uploads\/2025\/09\/5-km-kl-2025.jpg\">5 km Lauf<\/a> f\u00fchrt ebenfalls an der F\u00f6sse entlang Richtung Westen- Landschaftslauf auf geschotterten, festen Wegen. Bevor es am Platz des SV Velber vorbei geht, wird kurz eine Seitenstrasse von Davenstedt durchlaufen. Durch Feld, Wald und Wiesen &#8211; immer auf befestigten Wegen- f\u00fchrt der R\u00fcckweg zum TVB Gel\u00e4nde wieder direkt an der F\u00f6sse entlang.<\/p>\n\n\n\n<p><a href=\"http:\/\/foesselauf.de\/wp-content\/uploads\/2025\/09\/5-km-kl-2025.jpg\">Streckenplan 5 km Lauf 2026.<\/a><\/p>\n\n\n\n<p><\/p>\n\n\n\n<p><\/p>\n","protected":false},"excerpt":{"rendered":"<p>Beschreibungen auch unter diesem LINK: 10 km Hauptlauf: Der Hauptlauf f\u00fchrt an der F\u00f6sse entlang Richtung Westen &#8211; Landschaftslauf auf geschotterten, festen Wegen. Kurz vor dem SV Velber durchkreuzt die Strecke die westlichen Au\u00dfenbezirke von Davenstedt. Die Ortschaft Velber wird nur im s\u00fcdwestlichen Teil durchlaufen, bevor es dann ins Gebiet `F\u00f6ssefeld\u00b4 &#8211; Teil des Landschaftsschutzgebiet [&hellip;]<\/p>\n","protected":false},"author":1,"featured_media":0,"parent":0,"menu_order":2,"comment_status":"closed","ping_status":"closed","template":"","meta":{"footnotes":""},"class_list":["post-81","page","type-page","status-publish","hentry"],"_links":{"self":[{"href":"http:\/\/foesselauf.de\/index.php?rest_route=\/wp\/v2\/pages\/81","targetHints":{"allow":["GET"]}}],"collection":[{"href":"http:\/\/foesselauf.de\/index.php?rest_route=\/wp\/v2\/pages"}],"about":[{"href":"http:\/\/foesselauf.de\/index.php?rest_route=\/wp\/v2\/types\/page"}],"author":[{"embeddable":true,"href":"http:\/\/foesselauf.de\/index.php?rest_route=\/wp\/v2\/users\/1"}],"replies":[{"embeddable":true,"href":"http:\/\/foesselauf.de\/index.php?rest_route=%2Fwp%2Fv2%2Fcomments&post=81"}],"version-history":[{"count":41,"href":"http:\/\/foesselauf.de\/index.php?rest_route=\/wp\/v2\/pages\/81\/revisions"}],"predecessor-version":[{"id":419,"href":"http:\/\/foesselauf.de\/index.php?rest_route=\/wp\/v2\/pages\/81\/revisions\/419"}],"wp:attachment":[{"href":"http:\/\/foesselauf.de\/index.php?rest_route=%2Fwp%2Fv2%2Fmedia&parent=81"}],"curies":[{"name":"wp","href":"https:\/\/api.w.org\/{rel}","templated":true}]}}