{"id":2,"date":"2016-05-10T03:48:21","date_gmt":"2016-05-10T03:48:21","guid":{"rendered":"http:\/\/foesselauf.de\/?page_id=2"},"modified":"2026-03-15T17:23:47","modified_gmt":"2026-03-15T17:23:47","slug":"sample-page","status":"publish","type":"page","link":"https:\/\/foesselauf.de\/","title":{"rendered":"12. F\u00f6sselauf &#8211; 2026  &#8212; Samstag 09.05.2026"},"content":{"rendered":"\n<p><strong><a href=\"https:\/\/my.raceresult.com\/386995\/registration\" data-type=\"link\" data-id=\"https:\/\/my.raceresult.com\/386995\/registration\">ANMELDUNG !<\/a><\/strong> oder weitere Infos <a href=\"https:\/\/my.raceresult.com\/386995\/\">https:\/\/my.raceresult.com\/386995\/<\/a><\/p>\n\n\n\n<figure class=\"wp-block-image size-large\"><img loading=\"lazy\" decoding=\"async\" width=\"1024\" height=\"576\" src=\"http:\/\/foesselauf.de\/wp-content\/uploads\/2026\/03\/Foesselauf-26-2-1024x576.png\" alt=\"\" class=\"wp-image-399\" srcset=\"https:\/\/foesselauf.de\/wp-content\/uploads\/2026\/03\/Foesselauf-26-2-1024x576.png 1024w, https:\/\/foesselauf.de\/wp-content\/uploads\/2026\/03\/Foesselauf-26-2-300x169.png 300w, https:\/\/foesselauf.de\/wp-content\/uploads\/2026\/03\/Foesselauf-26-2-768x432.png 768w, https:\/\/foesselauf.de\/wp-content\/uploads\/2026\/03\/Foesselauf-26-2-1536x864.png 1536w, https:\/\/foesselauf.de\/wp-content\/uploads\/2026\/03\/Foesselauf-26-2-2x1.png 2w, https:\/\/foesselauf.de\/wp-content\/uploads\/2026\/03\/Foesselauf-26-2-700x394.png 700w, https:\/\/foesselauf.de\/wp-content\/uploads\/2026\/03\/Foesselauf-26-2.png 1920w\" sizes=\"auto, (max-width: 1024px) 100vw, 1024px\" \/><\/figure>\n\n\n\n<p><strong>Ergebnisse<\/strong> des 11. F\u00f6sselaufs unter <strong><a href=\"https:\/\/my.raceresult.com\/351101\/registration\">RaceResult<\/a><\/strong>.<\/p>\n\n\n\n<p>__________________________________________________________________________________________________<\/p>\n\n\n\n<p><strong>BERICHT zum 11. F\u00f6sselauf<\/strong><\/p>\n\n\n\n<h3 class=\"wp-block-heading\"><strong class=\"\">11. F\u00f6sselauf 2025 \u2013 spannende Rennen und tolle Stimmung in Badenstedt<\/strong><\/h3>\n\n\n\n<p>Bei k\u00fchlen, aber trockenen Bedingungen gingen am Morgen des <strong class=\"\">27. September<\/strong> erstmals die <strong class=\"\">10-Kilometer-L\u00e4uferinnen und -L\u00e4ufer<\/strong> als erste auf ihre Strecke. Diese f\u00fchrte in diesem Jahr \u2013 ebenfalls zum ersten Mal \u2013 zu Beginn \u00fcber den Platz, exakt die 500-Meter-Runde der Bambinis, und dann hinaus ins Gr\u00fcne.<\/p>\n\n\n\n<p>W\u00e4hrend die 10-Kilometer-L\u00e4uferinnen und -L\u00e4ufer unterwegs waren, starteten <strong class=\"\">84 Kinder<\/strong> im Alter zwischen sechs und zehn Jahren \u00fcber <strong class=\"\">1,5 Kilometer<\/strong>. Schnellster L\u00e4ufer war \u2013 wie bereits im vergangenen Jahr \u2013 <strong class=\"\">Maxim Iser (TV Badenstedt)<\/strong>, der sich auf der Strecke entlang der F\u00f6sse einen Vorsprung von rund 20 Sekunden herauslief und nach <strong class=\"\">6:31 min<\/strong> jubelnd das Ziel erreichte. Dahinter folgten seine Vereinskameraden <strong class=\"\">Filip Chmielewski (6:51 min)<\/strong> und <strong class=\"\">Toni Pallus (6:53 min)<\/strong>, womit das Podium komplett in Badenstedter Hand blieb.<\/p>\n\n\n\n<p>Auch bei den M\u00e4dchen dominierten die jungen <strong class=\"\">TV-Badenstedt-Athletinnen<\/strong> das Rennen. <strong class=\"\">Emma Neubert<\/strong>, erst sieben Jahre alt, gewann in <strong class=\"\">7:41 min<\/strong>, gefolgt von <strong class=\"\">Paula Wende (7:49 min)<\/strong> und <strong class=\"\">Linn\u00e9a Stra\u00dfburg (8:04 min)<\/strong>. Anschlie\u00dfend gingen die Vorschulkinder \u00fcber <strong class=\"\">500 Meter<\/strong> an den Start \u2013 alle durften sich im Ziel \u00fcber eine verdiente Medaille freuen.<\/p>\n\n\n\n<p>\u00dcber die <strong class=\"\">10 Kilometer<\/strong> setzte sich <strong class=\"\">Ren\u00e9 Menzel (Die Praxis Hannover)<\/strong> in starken <strong class=\"\">34:29 min<\/strong> durch. <strong class=\"\">Paul Lecher (VfL Eintracht Hannover)<\/strong>, noch der Altersklasse U20 angeh\u00f6rend, folgte nach <strong class=\"\">35:10 min<\/strong> auf Rang zwei. <strong class=\"\">Andreas Solter (Hannover Runners)<\/strong> wurde Dritter in <strong class=\"\">35:38 min<\/strong>.<br class=\"\">Bei den Frauen siegte <strong class=\"\">Mandy Krause (PSV Rot-Gold Lehrte)<\/strong> in <strong class=\"\">45:18 min<\/strong> vor <strong class=\"\">Hannelore Lyda (Just Run Crew, 46:36 min)<\/strong> und <strong class=\"\">Katharina Gro\u00dfe (46:45 min)<\/strong>.<\/p>\n\n\n\n<p>Um <strong class=\"\">11 Uhr<\/strong> fiel der Startschuss f\u00fcr den <strong class=\"\">5-Kilometer-Lauf<\/strong>, den der doppelt startende <strong class=\"\">Ren\u00e9 Menzel<\/strong> in beeindruckenden <strong class=\"\">15:53 min<\/strong> gewann. Platz zwei ging an <strong class=\"\">Nico Kretzschmar (16:52 min)<\/strong>, den dritten Rang belegte <strong class=\"\">Mirco Hohmann (Hannover 96 Triathlon, 17:46 min)<\/strong>.<br class=\"\">Schnellste Frau war <strong class=\"\">Maria Klose (Braunschweiger Laufclub)<\/strong>, die in <strong class=\"\">19:50 min<\/strong> siegte. <strong class=\"\">Paula B\u00f6ttcher (20:38 min)<\/strong> und <strong class=\"\">Raphaela Koch (22:50 min)<\/strong> komplettierten das Podium.<\/p>\n\n\n\n<p>Den stimmungsvollen Abschluss bildeten die <strong class=\"\">vier Grundschull\u00e4ufe \u00fcber 500 Meter<\/strong>, bei denen zahlreiche Zuschauerinnen und Zuschauer lautstark anfeuerten und f\u00fcr eine tolle Atmosph\u00e4re sorgten.<\/p>\n\n\n\n<p>Ein herzliches Dankesch\u00f6n gilt allen, die mitgelaufen sind \u2013 und besonders allen <strong class=\"\">Helferinnen und Helfern<\/strong>, die den 11. F\u00f6sselauf erneut zu einem rundum gelungenen Ereignis gemacht haben!<\/p>\n\n\n\n<p class=\"has-small-font-size\">Marie Pr\u00f6psting<\/p>\n\n\n\n<p>________________________________________________________________________________-<\/p>\n\n\n\n<p><a href=\"http:\/\/foesselauf.de\/wp-content\/uploads\/2025\/09\/Uebersichtsplan-Foesselauf.pdf\">\u00dcbersichtsplan \/ Platz\u00fcbersicht<\/a> f\u00fcr den Veranstaltungstag.<\/p>\n\n\n\n<p>Der F\u00f6sselauf ist wieder Teil der Laufpass-Serie.<\/p>\n\n\n<div class=\"wp-block-image\">\n<figure class=\"alignright size-large is-resized\"><img loading=\"lazy\" decoding=\"async\" width=\"1024\" height=\"405\" src=\"http:\/\/foesselauf.de\/wp-content\/uploads\/2023\/09\/Logo-Laufpass-Kopie-1024x405.jpg\" alt=\"\" class=\"wp-image-195\" style=\"aspect-ratio:2.552380952380952;width:310px;height:auto\" srcset=\"https:\/\/foesselauf.de\/wp-content\/uploads\/2023\/09\/Logo-Laufpass-Kopie-1024x405.jpg 1024w, https:\/\/foesselauf.de\/wp-content\/uploads\/2023\/09\/Logo-Laufpass-Kopie-300x119.jpg 300w, https:\/\/foesselauf.de\/wp-content\/uploads\/2023\/09\/Logo-Laufpass-Kopie-768x304.jpg 768w, https:\/\/foesselauf.de\/wp-content\/uploads\/2023\/09\/Logo-Laufpass-Kopie-1536x607.jpg 1536w, https:\/\/foesselauf.de\/wp-content\/uploads\/2023\/09\/Logo-Laufpass-Kopie-2048x810.jpg 2048w, https:\/\/foesselauf.de\/wp-content\/uploads\/2023\/09\/Logo-Laufpass-Kopie-3x1.jpg 3w\" sizes=\"auto, (max-width: 1024px) 100vw, 1024px\" \/><\/figure><\/div>\n\n\n<figure class=\"wp-block-image size-full is-resized\"><a href=\"https:\/\/my.raceresult.com\/351101\/registration\"><img loading=\"lazy\" decoding=\"async\" width=\"200\" height=\"100\" src=\"http:\/\/foesselauf.de\/wp-content\/uploads\/2025\/06\/Foesselauflogo_2025-klein.png\" alt=\"\" class=\"wp-image-335\" style=\"width:333px;height:auto\" srcset=\"https:\/\/foesselauf.de\/wp-content\/uploads\/2025\/06\/Foesselauflogo_2025-klein.png 200w, https:\/\/foesselauf.de\/wp-content\/uploads\/2025\/06\/Foesselauflogo_2025-klein-2x1.png 2w\" sizes=\"auto, (max-width: 200px) 100vw, 200px\" \/><\/a><\/figure>\n\n\n\n<p>_____________________________________________________________<\/p>\n\n\n\n<p class=\"has-medium-font-size\">Der 10. F\u00f6sselauf fand am 08.09.2024 statt&#8230; <a href=\"https:\/\/my.raceresult.com\/301387\/results\">ERGEBNISSE<\/a><\/p>\n\n\n\n<p><\/p>\n\n\n\n<p>&#8212;&#8212;&#8212;&#8212;&#8212;&#8212;&#8211;<\/p>\n\n\n\n<p>Bericht &#8211; <strong>F\u00f6sselauf 2024<\/strong><\/p>\n\n\n\n<p>Bereits um 8:30 Uhr hatten sich in diesem Jahr bei strahlendem Sonnenschein viele Familien mit laufbegeisterten Kindern auf unserem Gel\u00e4nde eingefunden. Vorfreude lag in der Luft und die Stimmung war ausgelassen. Um 8:55 Uhr fiel der Startschuss f\u00fcr den ersten von f\u00fcnf Bambinil\u00e4ufen \u00fcber 500 Meter. Fast 140 Kinder erreichten im Laufe der n\u00e4chsten 45 Minuten das Ziel \u00fcber diese Strecke, die einmal \u00fcber den Ascheplatz und dann \u00fcber den Fu\u00dfballplatz ins Ziel f\u00fchrte.<\/p>\n\n\n\n<p>F\u00fcr einen G\u00e4nsehaut-Moment sorgte der Start \u00fcber die 1,5 Kilometer, als 110 Kinder sich auf der gegen\u00fcberliegenden Seite des Fu\u00dfballplatzes in Bewegung setzten und auf die Zuschauenden zuliefen. Die Kinder absolvierten eine Strecke durchs Gr\u00fcne entlang beider Seiten der F\u00f6sse und liefen dann auf den Platz ins Ziel ein. Schnellstes M\u00e4dchen war <strong>Julika Braeker<\/strong> vom TB St\u00f6cken. Sie erreichte das Ziel in starken 6:55 Minuten und musste nur dem schnellsten Jungen, <strong>Maxim Iser<\/strong> vom TV Badenstedt den Vortritt lassen. Er ben\u00f6tigte f\u00fcr die 1,5 Kilometer nur 6:38 Minuten.<\/p>\n\n\n\n<p>Um 10:10 Uhr gingen die L\u00e4uferinnen und L\u00e4ufer sowie die Walkerinnen und Walker \u00fcber die 5 Kilometer an den Start. <strong>Christoph Baran<\/strong> von den Hannover Runners erreichte nach 18:36 Minuten als Erster das Ziel. Nur knapp hinter dem dritten Mann kam <strong>Pauline Berg<\/strong> als erste Frau und insgesamt Vierte ins Ziel. Sie ben\u00f6tigte f\u00fcr die Strecke 20:17 Minuten.<\/p>\n\n\n\n<p>Trotz der W\u00e4rme stellten sich 55 L\u00e4uferinnen und L\u00e4ufer um 11:11 Uhr der Herausforderung und absolvierten die doppelte Distanz in der dr\u00fcckenden Mittagshitze. <strong>Michael Kendelbacher<\/strong> vom TSV Barsinghausen lief hier ein einsames Rennen an der Spitze und erreichte das Ziel nach 35:34 Minuten. Bei den Frauen setzte sich die K\u00f6lnerin <strong>Franziska Helmig<\/strong> in 46:00 Minuten durch.<\/p>\n\n\n\n<p>Wir hoffen, dass alle Teilnehmerinnen und Teilnehmer einen sch\u00f6nen Vormittag erlebt haben und sich gut erholen konnten. Bis zum n\u00e4chsten Jahr!<\/p>\n\n\n\n<p><\/p>\n\n\n\n<p><\/p>\n\n\n\n<p><\/p>\n\n\n\n<p>&#8212;&#8212;&#8212;&#8212;&#8212;&#8212;&#8212;&#8212;&#8212;&#8212;&#8212;&#8212;&#8212;&#8211;<\/p>\n\n\n\n<p><\/p>\n\n\n\n<p><\/p>\n\n\n\n<p><\/p>\n\n\n\n<p>Wir w\u00fcnschen allen L\u00e4ufer*innen viel Erfolg\/Spass\/Entspannung.<\/p>\n\n\n\n<p>Weitere Infos: <strong>leichtathletik@tv-badenstedt.de<\/strong> <\/p>\n\n\n\n<p><\/p>\n\n\n\n<p><\/p>\n\n\n\n<p><\/p>\n\n\n\n<p><\/p>\n\n\n\n<p><\/p>\n\n\n\n<p>Der Ausrichter ist die Leichtathletikabteilung des TV Badenstedt.<\/p>\n\n\n\n<p><strong>Info<\/strong>: leichtathletik[at]tv-badenstedt.de<\/p>\n\n\n\n<p><\/p>\n","protected":false},"excerpt":{"rendered":"<p>ANMELDUNG ! oder weitere Infos https:\/\/my.raceresult.com\/386995\/ Ergebnisse des 11. F\u00f6sselaufs unter RaceResult. __________________________________________________________________________________________________ BERICHT zum 11. F\u00f6sselauf 11. F\u00f6sselauf 2025 \u2013 spannende Rennen und tolle Stimmung in Badenstedt Bei k\u00fchlen, aber trockenen Bedingungen gingen am Morgen des 27. September erstmals die 10-Kilometer-L\u00e4uferinnen und -L\u00e4ufer als erste auf ihre Strecke. Diese f\u00fchrte in diesem Jahr \u2013 [&hellip;]<\/p>\n","protected":false},"author":1,"featured_media":248,"parent":0,"menu_order":1,"comment_status":"closed","ping_status":"open","template":"","meta":{"footnotes":""},"class_list":["post-2","page","type-page","status-publish","has-post-thumbnail","hentry"],"_links":{"self":[{"href":"https:\/\/foesselauf.de\/index.php?rest_route=\/wp\/v2\/pages\/2","targetHints":{"allow":["GET"]}}],"collection":[{"href":"https:\/\/foesselauf.de\/index.php?rest_route=\/wp\/v2\/pages"}],"about":[{"href":"https:\/\/foesselauf.de\/index.php?rest_route=\/wp\/v2\/types\/page"}],"author":[{"embeddable":true,"href":"https:\/\/foesselauf.de\/index.php?rest_route=\/wp\/v2\/users\/1"}],"replies":[{"embeddable":true,"href":"https:\/\/foesselauf.de\/index.php?rest_route=%2Fwp%2Fv2%2Fcomments&post=2"}],"version-history":[{"count":79,"href":"https:\/\/foesselauf.de\/index.php?rest_route=\/wp\/v2\/pages\/2\/revisions"}],"predecessor-version":[{"id":415,"href":"https:\/\/foesselauf.de\/index.php?rest_route=\/wp\/v2\/pages\/2\/revisions\/415"}],"wp:featuredmedia":[{"embeddable":true,"href":"https:\/\/foesselauf.de\/index.php?rest_route=\/wp\/v2\/media\/248"}],"wp:attachment":[{"href":"https:\/\/foesselauf.de\/index.php?rest_route=%2Fwp%2Fv2%2Fmedia&parent=2"}],"curies":[{"name":"wp","href":"https:\/\/api.w.org\/{rel}","templated":true}]}}